{"id":27,"date":"2021-04-26T16:36:43","date_gmt":"2021-04-26T16:36:43","guid":{"rendered":"https:\/\/erasmusplus-educarte.eu\/?page_id=27"},"modified":"2021-04-29T13:34:16","modified_gmt":"2021-04-29T13:34:16","slug":"el-proyecto","status":"publish","type":"page","link":"https:\/\/erasmusplus-educarte.eu\/index.php\/el-proyecto\/","title":{"rendered":"El Proyecto"},"content":{"rendered":"<p>[et_pb_section fb_built=\u00bb1&#8243; _builder_version=\u00bb4.9.3&#8243; _module_preset=\u00bbdefault\u00bb custom_padding=\u00bb17px||23px|||\u00bb][et_pb_row _builder_version=\u00bb4.9.3&#8243; _module_preset=\u00bbdefault\u00bb][et_pb_column type=\u00bb4_4&#8243; _builder_version=\u00bb4.9.3&#8243; _module_preset=\u00bbdefault\u00bb][et_pb_image src=\u00bbhttps:\/\/erasmusplus-educarte.eu\/wp-content\/uploads\/2021\/04\/Collage-Aldeanueva-02.png\u00bb title_text=\u00bbCollage Aldeanueva 02&#8243; _builder_version=\u00bb4.9.3&#8243; _module_preset=\u00bbdefault\u00bb hover_enabled=\u00bb0&#8243; sticky_enabled=\u00bb0&#8243;][\/et_pb_image][\/et_pb_column][\/et_pb_row][et_pb_row column_structure=\u00bb1_5,3_5,1_5&#8243; _builder_version=\u00bb4.9.3&#8243; _module_preset=\u00bbdefault\u00bb][et_pb_column type=\u00bb1_5&#8243; _builder_version=\u00bb4.9.3&#8243; _module_preset=\u00bbdefault\u00bb][\/et_pb_column][et_pb_column type=\u00bb3_5&#8243; _builder_version=\u00bb4.9.3&#8243; _module_preset=\u00bbdefault\u00bb][et_pb_text _builder_version=\u00bb4.9.3&#8243; _module_preset=\u00bbdefault\u00bb]<\/p>\n<p>Educarte es un proyecto de 24 meses de duraci\u00f3n, integrado por 9 socios de 5 pa\u00edses. El proyecto explora c\u00f3mo promover la identidad europea y el di\u00e1logo intercultural en 8 escuelas p\u00fablicas europeas a trav\u00e9s del Arte con el prop\u00f3sito de fortalecer la creatividad de los menores (en su gran mayor\u00eda de origen inmigrante y en riesgo de exclusi\u00f3n) y desarrollar la competencia digital y su empoderamiento.<\/p>\n<p>Las 8 escuelas se caracterizan por estar situadas en \u00e1reas con elevado % de poblaci\u00f3n de origen inmigrante en Madrid, Tur\u00edn, Terni, \u00c9vora, Budapest y Bruselas. Incluimos un enfoque integrado de g\u00e9nero, analizando el papel de las mujeres, invisibles en el pasado, en el marco de la Defensa Europea de los Derechos Humanos y la Memoria.\u00a0<\/p>\n<p><strong>Beneficiarios<\/strong><\/p>\n<p>1.500 menores, adolescentes y j\u00f3venes que carecen de una identidad cultural europea, m\u00e1s 300 familiares (80% de origen inmigrante y en reisgo exclusi\u00f3n)<\/p>\n<p>700 profesionales educativos y art\u00edsticos formados en los espacios formativos nacionales y encuentros internacionales<\/p>\n<p>100 personas voluntarias<\/p>\n<p>1.200 personas participan indirectamente en los actos de difusi\u00f3n a trav\u00e9s del Arte, llegando a 3.800 beneficiarios directos e indirectos\u00a0<\/p>\n<p><strong>Metodolog\u00eda<\/strong><\/p>\n<p>Se implementar\u00e1 una metodolog\u00eda participativa, desde el arte y la creatividad, incorporando al trabajo formal de identidad europea herramientas espec\u00edficas del mundo del arte y de la pedagog\u00eda de educaci\u00f3n no formal &#8211; realizaci\u00f3n de laboratorios y talleres pr\u00e1cticos -, con un enfoque integrado de g\u00e9nero.<\/p>\n<p><strong>Objetivos<\/strong><\/p>\n<p>Fomentar la igualdad de oportunidades de menores y familias en riesgo de exclusi\u00f3n mediante la creaci\u00f3n de una RED de escuelas.<\/p>\n<p>Capacitar en nuevas pedagog\u00edas y modelos de aprendizaje favoreciendo el desarrollo y competencias digitales desde la creatividad y el arte y desde la identidad europea, ciudadan\u00eda activa y di\u00e1logo intercultural.<\/p>\n<p>Formaci\u00f3n pr\u00e1ctica a docentes y profesionales educativos por parte de un equipo internacional de artistas y expertos en identidad europea.<\/p>\n<p>Desarrollar las competencias digitales de forma pr\u00e1ctica con menores<\/p>\n<p>Tejer redes entre instituciones y administraciones con competencias en el marco educativo en centros p\u00fablicos<\/p>\n<p>Elaborar materiales y videos de apoyo permitan implementar y replicar los recursos y herramientas en otros centros y entidades.<\/p>\n<p>Difundir las buenas pr\u00e1cticas y los trabajos realizados a trav\u00e9s de webs y redes sociales.<\/p>\n<p>Implicar a familias, menores y docentes para que pasen a la acci\u00f3n.<\/p>\n<p>Realizar evaluaci\u00f3n.<\/p>\n<p>Conseguir la implicaci\u00f3n de personas voluntarias.<\/p>\n<p>[\/et_pb_text][\/et_pb_column][et_pb_column type=\u00bb1_5&#8243; _builder_version=\u00bb4.9.3&#8243; _module_preset=\u00bbdefault\u00bb][\/et_pb_column][\/et_pb_row][\/et_pb_section]<\/p>\n","protected":false},"excerpt":{"rendered":"<p>Educarte es un proyecto de 24 meses de duraci\u00f3n, integrado por 9 socios de 5 pa\u00edses. El proyecto explora c\u00f3mo promover la identidad europea y el di\u00e1logo intercultural en 8 escuelas p\u00fablicas europeas a trav\u00e9s del Arte con el prop\u00f3sito de fortalecer la creatividad de los menores (en su gran mayor\u00eda de origen inmigrante y [&hellip;]<\/p>\n","protected":false},"author":1,"featured_media":0,"parent":0,"menu_order":0,"comment_status":"closed","ping_status":"closed","template":"","meta":{"_et_pb_use_builder":"on","_et_pb_old_content":"<!-- wp:divi\/placeholder \/-->","_et_gb_content_width":"","footnotes":""},"class_list":["post-27","page","type-page","status-publish","hentry"],"_links":{"self":[{"href":"https:\/\/erasmusplus-educarte.eu\/index.php\/wp-json\/wp\/v2\/pages\/27","targetHints":{"allow":["GET"]}}],"collection":[{"href":"https:\/\/erasmusplus-educarte.eu\/index.php\/wp-json\/wp\/v2\/pages"}],"about":[{"href":"https:\/\/erasmusplus-educarte.eu\/index.php\/wp-json\/wp\/v2\/types\/page"}],"author":[{"embeddable":true,"href":"https:\/\/erasmusplus-educarte.eu\/index.php\/wp-json\/wp\/v2\/users\/1"}],"replies":[{"embeddable":true,"href":"https:\/\/erasmusplus-educarte.eu\/index.php\/wp-json\/wp\/v2\/comments?post=27"}],"version-history":[{"count":6,"href":"https:\/\/erasmusplus-educarte.eu\/index.php\/wp-json\/wp\/v2\/pages\/27\/revisions"}],"predecessor-version":[{"id":152,"href":"https:\/\/erasmusplus-educarte.eu\/index.php\/wp-json\/wp\/v2\/pages\/27\/revisions\/152"}],"wp:attachment":[{"href":"https:\/\/erasmusplus-educarte.eu\/index.php\/wp-json\/wp\/v2\/media?parent=27"}],"curies":[{"name":"wp","href":"https:\/\/api.w.org\/{rel}","templated":true}]}}