{"id":29,"date":"2021-04-26T16:39:12","date_gmt":"2021-04-26T16:39:12","guid":{"rendered":"https:\/\/erasmusplus-educarte.eu\/?page_id=29"},"modified":"2021-11-04T11:02:47","modified_gmt":"2021-11-04T11:02:47","slug":"socios","status":"publish","type":"page","link":"https:\/\/erasmusplus-educarte.eu\/index.php\/socios\/","title":{"rendered":"Socios"},"content":{"rendered":"<p>[et_pb_section fb_built=\u00bb1&#8243; _builder_version=\u00bb4.9.3&#8243; _module_preset=\u00bbdefault\u00bb custom_padding=\u00bb17px|||||\u00bb][et_pb_row column_structure=\u00bb1_5,3_5,1_5&#8243; _builder_version=\u00bb4.9.3&#8243; _module_preset=\u00bbdefault\u00bb][et_pb_column type=\u00bb1_5&#8243; _builder_version=\u00bb4.9.3&#8243; _module_preset=\u00bbdefault\u00bb][\/et_pb_column][et_pb_column type=\u00bb3_5&#8243; _builder_version=\u00bb4.9.3&#8243; _module_preset=\u00bbdefault\u00bb][et_pb_text _builder_version=\u00bb4.9.3&#8243; _module_preset=\u00bbdefault\u00bb]<\/p>\n<h3><strong>SOCIOS<\/strong><\/h3>\n<p>[\/et_pb_text][et_pb_text _builder_version=\u00bb4.9.3&#8243; _module_preset=\u00bbdefault\u00bb]<\/p>\n<p><strong>Espa\u00f1a:<\/strong><\/p>\n<p>Fundaci\u00f3n Yehudi Menuhin Espa\u00f1a<\/p>\n<p>Universidad Rey Juan Carlos<\/p>\n<p>Fundaci\u00f3n Violeta Friedman<\/p>\n<p><strong>Portugal:<\/strong><\/p>\n<p>AE Manuel Ferreira Patr\u00edcio<\/p>\n<p>Associa\u00e7\u00e3oYehudi Menuhin Portugal (c)<\/p>\n<p><strong>Italia:<\/strong><\/p>\n<p>MUS-E Italia Onlus<\/p>\n<p>A.I.S.TE.L. APS Associazione Italiana Servizi e Tempo libero di promozione sociale\u00a0<\/p>\n<p><strong>Hungr\u00eda:<\/strong><\/p>\n<p>\u00c9szak-Budapesti Tanker\u00fcleti K\u00f6zpont<\/p>\n<p>MUS-E MAGYARORSZ\u00c1G K\u00f6zhaszn\u00fa Egyes\u00fclet (c)<\/p>\n<p><strong>B\u00e9lgica:<\/strong><\/p>\n<p>MUS-E Belgium<\/p>\n<p>Universiteit Gen<\/p>\n<p><strong><\/strong><\/p>\n<p><strong><\/strong><\/p>\n<p>[\/et_pb_text][\/et_pb_column][et_pb_column type=\u00bb1_5&#8243; _builder_version=\u00bb4.9.3&#8243; _module_preset=\u00bbdefault\u00bb][\/et_pb_column][\/et_pb_row][et_pb_row column_structure=\u00bb1_4,1_4,1_4,1_4&#8243; _builder_version=\u00bb4.9.3&#8243; _module_preset=\u00bbdefault\u00bb][et_pb_column type=\u00bb1_4&#8243; _builder_version=\u00bb4.9.3&#8243; _module_preset=\u00bbdefault\u00bb][et_pb_image src=\u00bbhttps:\/\/erasmusplus-educarte.eu\/wp-content\/uploads\/2021\/04\/5.-yehudimenuhin.png\u00bb title_text=\u00bb5.-yehudimenuhin\u00bb url=\u00bbhttp:\/\/www.fundacionyehudimenuhin.org\/\u00bb url_new_window=\u00bbon\u00bb _builder_version=\u00bb4.9.3&#8243; _module_preset=\u00bbdefault\u00bb][\/et_pb_image][\/et_pb_column][et_pb_column type=\u00bb1_4&#8243; _builder_version=\u00bb4.9.3&#8243; _module_preset=\u00bbdefault\u00bb][et_pb_image src=\u00bbhttps:\/\/erasmusplus-educarte.eu\/wp-content\/uploads\/2021\/04\/6.-URJC.png\u00bb title_text=\u00bb6.-URJC\u00bb url=\u00bbhttp:\/\/www.urjc.es\/\u00bb url_new_window=\u00bbon\u00bb _builder_version=\u00bb4.9.3&#8243; _module_preset=\u00bbdefault\u00bb][\/et_pb_image][\/et_pb_column][et_pb_column type=\u00bb1_4&#8243; _builder_version=\u00bb4.9.3&#8243; _module_preset=\u00bbdefault\u00bb][et_pb_image src=\u00bbhttps:\/\/erasmusplus-educarte.eu\/wp-content\/uploads\/2021\/05\/violetafriesman.png\u00bb title_text=\u00bbvioletafriesman\u00bb url=\u00bbhttp:\/\/www.violetafriedman.com\/\u00bb url_new_window=\u00bbon\u00bb _builder_version=\u00bb4.9.3&#8243; _module_preset=\u00bbdefault\u00bb custom_margin=\u00bb46px|||||\u00bb][\/et_pb_image][\/et_pb_column][et_pb_column type=\u00bb1_4&#8243; _builder_version=\u00bb4.9.3&#8243; _module_preset=\u00bbdefault\u00bb][et_pb_image src=\u00bbhttps:\/\/erasmusplus-educarte.eu\/wp-content\/uploads\/2021\/05\/manuelferreirapatricio.png\u00bb title_text=\u00bbmanuelferreirapatricio\u00bb url=\u00bbhttp:\/\/www.ebim.pt\/\u00bb url_new_window=\u00bbon\u00bb _builder_version=\u00bb4.9.3&#8243; _module_preset=\u00bbdefault\u00bb width=\u00bb78%\u00bb][\/et_pb_image][\/et_pb_column][\/et_pb_row][et_pb_row column_structure=\u00bb1_4,1_4,1_4,1_4&#8243; _builder_version=\u00bb4.9.3&#8243; _module_preset=\u00bbdefault\u00bb][et_pb_column type=\u00bb1_4&#8243; _builder_version=\u00bb4.9.3&#8243; _module_preset=\u00bbdefault\u00bb][et_pb_image src=\u00bbhttps:\/\/erasmusplus-educarte.eu\/wp-content\/uploads\/2021\/05\/aymp.png\u00bb title_text=\u00bbaymp\u00bb url=\u00bbhttp:\/\/aymp.pt\/\u00bb url_new_window=\u00bbon\u00bb _builder_version=\u00bb4.9.3&#8243; _module_preset=\u00bbdefault\u00bb max_width=\u00bb62%\u00bb module_alignment=\u00bbcenter\u00bb][\/et_pb_image][\/et_pb_column][et_pb_column type=\u00bb1_4&#8243; _builder_version=\u00bb4.9.3&#8243; _module_preset=\u00bbdefault\u00bb][et_pb_image src=\u00bbhttps:\/\/erasmusplus-educarte.eu\/wp-content\/uploads\/2021\/05\/muse.png\u00bb title_text=\u00bbmuse\u00bb url=\u00bbhttps:\/\/www.mus-e.it\/\u00bb url_new_window=\u00bbon\u00bb _builder_version=\u00bb4.9.3&#8243; _module_preset=\u00bbdefault\u00bb][\/et_pb_image][\/et_pb_column][et_pb_column type=\u00bb1_4&#8243; _builder_version=\u00bb4.9.3&#8243; _module_preset=\u00bbdefault\u00bb][et_pb_image src=\u00bbhttps:\/\/erasmusplus-educarte.eu\/wp-content\/uploads\/2021\/05\/aistel.png\u00bb title_text=\u00bbaistel\u00bb url=\u00bbhttp:\/\/www.aistel.club\/\u00bb url_new_window=\u00bbon\u00bb _builder_version=\u00bb4.9.3&#8243; _module_preset=\u00bbdefault\u00bb max_width=\u00bb67%\u00bb module_alignment=\u00bbcenter\u00bb hover_enabled=\u00bb0&#8243; sticky_enabled=\u00bb0&#8243;][\/et_pb_image][\/et_pb_column][et_pb_column type=\u00bb1_4&#8243; _builder_version=\u00bb4.9.3&#8243; _module_preset=\u00bbdefault\u00bb][et_pb_image src=\u00bbhttps:\/\/erasmusplus-educarte.eu\/wp-content\/uploads\/2021\/05\/eszak.png\u00bb title_text=\u00bbeszak\u00bb url=\u00bbhttps:\/\/kk.gov.hu\/eszakbudapest\u00bb url_new_window=\u00bbon\u00bb _builder_version=\u00bb4.9.3&#8243; _module_preset=\u00bbdefault\u00bb custom_margin=\u00bb47px|||||\u00bb][\/et_pb_image][\/et_pb_column][\/et_pb_row][et_pb_row column_structure=\u00bb1_3,1_3,1_3&#8243; _builder_version=\u00bb4.9.3&#8243; _module_preset=\u00bbdefault\u00bb][et_pb_column type=\u00bb1_3&#8243; _builder_version=\u00bb4.9.3&#8243; _module_preset=\u00bbdefault\u00bb][et_pb_image src=\u00bbhttps:\/\/erasmusplus-educarte.eu\/wp-content\/uploads\/2021\/05\/muse-hu.png\u00bb title_text=\u00bbmuse-hu\u00bb url=\u00bbhttps:\/\/www.mus-e.hu\/\u00bb url_new_window=\u00bbon\u00bb _builder_version=\u00bb4.9.3&#8243; _module_preset=\u00bbdefault\u00bb max_width=\u00bb71%\u00bb module_alignment=\u00bbcenter\u00bb][\/et_pb_image][\/et_pb_column][et_pb_column type=\u00bb1_3&#8243; _builder_version=\u00bb4.9.3&#8243; _module_preset=\u00bbdefault\u00bb][et_pb_image src=\u00bbhttps:\/\/erasmusplus-educarte.eu\/wp-content\/uploads\/2021\/05\/museart.png\u00bb title_text=\u00bbmuseart\u00bb url=\u00bbhttp:\/\/www.mus-e.be\/\u00bb url_new_window=\u00bbon\u00bb _builder_version=\u00bb4.9.3&#8243; _module_preset=\u00bbdefault\u00bb max_width=\u00bb68%\u00bb module_alignment=\u00bbcenter\u00bb custom_margin=\u00bb55px|||||\u00bb][\/et_pb_image][\/et_pb_column][et_pb_column type=\u00bb1_3&#8243; _builder_version=\u00bb4.9.3&#8243; _module_preset=\u00bbdefault\u00bb][et_pb_image src=\u00bbhttps:\/\/erasmusplus-educarte.eu\/wp-content\/uploads\/2021\/05\/ghent.png\u00bb title_text=\u00bbghent\u00bb url=\u00bbhttps:\/\/www.ugent.be\/\u00bb url_new_window=\u00bbon\u00bb _builder_version=\u00bb4.9.3&#8243; _module_preset=\u00bbdefault\u00bb][\/et_pb_image][\/et_pb_column][\/et_pb_row][et_pb_row column_structure=\u00bb1_5,3_5,1_5&#8243; _builder_version=\u00bb4.9.3&#8243; _module_preset=\u00bbdefault\u00bb][et_pb_column type=\u00bb1_5&#8243; _builder_version=\u00bb4.9.3&#8243; _module_preset=\u00bbdefault\u00bb][\/et_pb_column][et_pb_column type=\u00bb3_5&#8243; _builder_version=\u00bb4.9.3&#8243; _module_preset=\u00bbdefault\u00bb][et_pb_text _builder_version=\u00bb4.9.3&#8243; _module_preset=\u00bbdefault\u00bb]<\/p>\n<h3><strong>CENTROS ESCOLARES COLABORADORES &#8211; COLLABORATING SCHOOLS<\/strong><\/h3>\n<p><strong>Espa\u00f1a:<\/strong><\/p>\n<p>CEIP Miguel de Unamuno<\/p>\n<p>CEIP Miguel Hern\u00e1ndez<\/p>\n<p><strong>Portugal:<\/strong><\/p>\n<p>AE Patricio Ferreira en \u00c9vora<\/p>\n<p><strong>Italia:<\/strong><\/p>\n<p>ICT Cena en Torino<\/p>\n<p>ICT Leonardo Da Vinci en Terni<\/p>\n<p><strong>B\u00e9lgica:<\/strong><\/p>\n<p>Escuela De Puzzel en Bruselas<\/p>\n<p><strong>Hungr\u00eda:<\/strong><\/p>\n<p>Escuela \u00d3budai Nagy L\u00e1szl\u00f3 en Budapest<\/p>\n<p>[\/et_pb_text][\/et_pb_column][et_pb_column type=\u00bb1_5&#8243; _builder_version=\u00bb4.9.3&#8243; _module_preset=\u00bbdefault\u00bb][\/et_pb_column][\/et_pb_row][\/et_pb_section]<\/p>\n","protected":false},"excerpt":{"rendered":"<p>SOCIOSEspa\u00f1a: Fundaci\u00f3n Yehudi Menuhin Espa\u00f1a Universidad Rey Juan Carlos Fundaci\u00f3n Violeta Friedman Portugal: AE Manuel Ferreira Patr\u00edcio Associa\u00e7\u00e3oYehudi Menuhin Portugal (c) Italia: MUS-E Italia Onlus A.I.S.TE.L. APS Associazione Italiana Servizi e Tempo libero di promozione sociale\u00a0 Hungr\u00eda: \u00c9szak-Budapesti Tanker\u00fcleti K\u00f6zpont MUS-E MAGYARORSZ\u00c1G K\u00f6zhaszn\u00fa Egyes\u00fclet (c) B\u00e9lgica: MUS-E Belgium Universiteit Gen CENTROS ESCOLARES COLABORADORES &#8211; COLLABORATING [&hellip;]<\/p>\n","protected":false},"author":1,"featured_media":0,"parent":0,"menu_order":0,"comment_status":"closed","ping_status":"closed","template":"","meta":{"_et_pb_use_builder":"on","_et_pb_old_content":"<!-- wp:divi\/placeholder \/-->","_et_gb_content_width":"","footnotes":""},"class_list":["post-29","page","type-page","status-publish","hentry"],"_links":{"self":[{"href":"https:\/\/erasmusplus-educarte.eu\/index.php\/wp-json\/wp\/v2\/pages\/29","targetHints":{"allow":["GET"]}}],"collection":[{"href":"https:\/\/erasmusplus-educarte.eu\/index.php\/wp-json\/wp\/v2\/pages"}],"about":[{"href":"https:\/\/erasmusplus-educarte.eu\/index.php\/wp-json\/wp\/v2\/types\/page"}],"author":[{"embeddable":true,"href":"https:\/\/erasmusplus-educarte.eu\/index.php\/wp-json\/wp\/v2\/users\/1"}],"replies":[{"embeddable":true,"href":"https:\/\/erasmusplus-educarte.eu\/index.php\/wp-json\/wp\/v2\/comments?post=29"}],"version-history":[{"count":11,"href":"https:\/\/erasmusplus-educarte.eu\/index.php\/wp-json\/wp\/v2\/pages\/29\/revisions"}],"predecessor-version":[{"id":193,"href":"https:\/\/erasmusplus-educarte.eu\/index.php\/wp-json\/wp\/v2\/pages\/29\/revisions\/193"}],"wp:attachment":[{"href":"https:\/\/erasmusplus-educarte.eu\/index.php\/wp-json\/wp\/v2\/media?parent=29"}],"curies":[{"name":"wp","href":"https:\/\/api.w.org\/{rel}","templated":true}]}}