{"id":33,"date":"2021-04-26T16:40:33","date_gmt":"2021-04-26T16:40:33","guid":{"rendered":"https:\/\/erasmusplus-educarte.eu\/?page_id=33"},"modified":"2021-04-26T23:32:15","modified_gmt":"2021-04-26T23:32:15","slug":"actividades-de-nuestro-proyecto-transnacional","status":"publish","type":"page","link":"https:\/\/erasmusplus-educarte.eu\/index.php\/actividades-de-nuestro-proyecto-transnacional\/","title":{"rendered":"Actividades de nuestro proyecto transnacional"},"content":{"rendered":"<p>[et_pb_section fb_built=\u00bb1&#8243; _builder_version=\u00bb4.9.3&#8243; _module_preset=\u00bbdefault\u00bb custom_padding=\u00bb11px||25px|||\u00bb][et_pb_row _builder_version=\u00bb4.9.3&#8243; _module_preset=\u00bbdefault\u00bb][et_pb_column _builder_version=\u00bb4.9.3&#8243; _module_preset=\u00bbdefault\u00bb type=\u00bb4_4&#8243;][et_pb_image src=\u00bbhttps:\/\/erasmusplus-educarte.eu\/wp-content\/uploads\/2021\/04\/IMG_2113-scaled.jpg\u00bb _builder_version=\u00bb4.9.3&#8243; _module_preset=\u00bbdefault\u00bb title_text=\u00bbIMG_2113&#8243; hover_enabled=\u00bb0&#8243; sticky_enabled=\u00bb0&#8243;][\/et_pb_image][\/et_pb_column][\/et_pb_row][et_pb_row column_structure=\u00bb1_5,3_5,1_5&#8243; _builder_version=\u00bb4.9.3&#8243; _module_preset=\u00bbdefault\u00bb][et_pb_column type=\u00bb1_5&#8243; _builder_version=\u00bb4.9.3&#8243; _module_preset=\u00bbdefault\u00bb][\/et_pb_column][et_pb_column type=\u00bb3_5&#8243; _builder_version=\u00bb4.9.3&#8243; _module_preset=\u00bbdefault\u00bb][et_pb_text _builder_version=\u00bb4.9.3&#8243; _module_preset=\u00bbdefault\u00bb]<\/p>\n<p><strong>Actividades<\/strong><\/p>\n<p>6 encuentros en Madrid, Terni, Gante, Tur\u00edn, \u00c9vora y Budapest: incluyen reuniones de coordinaci\u00f3n y seguimiento (econ\u00f3mico, log\u00edstico, pedag\u00f3gico, organizativo evaluaci\u00f3n, inform\u00e1tico y metodol\u00f3gico), y encuentros de intercambio de buenas pr\u00e1cticas.<\/p>\n<p>1.280 laboratorios te\u00f3rico-pr\u00e1cticos (160 por escuela) impartidos en las escuelas en horario lectivo por expertos en identidad europea y di\u00e1logo intercultural (parte te\u00f3rica \u2013 15%) y por artistas (parte pr\u00e1ctica de interiorizaci\u00f3n desde el Arte \u2013 85%) en los 8 centros de 5 pa\u00edses.<\/p>\n<p>+30 micro-v\u00eddeos creados por los menores para desarrollar su competencia digital y ser protagonistas del proyecto.<\/p>\n<p>5 acciones formativas con profesionales educativos y art\u00edsticos sobre creatividad y arte para el desarrollo de competencias con menores.<\/p>\n<p>[\/et_pb_text][\/et_pb_column][et_pb_column type=\u00bb1_5&#8243; _builder_version=\u00bb4.9.3&#8243; _module_preset=\u00bbdefault\u00bb][\/et_pb_column][\/et_pb_row][\/et_pb_section]<\/p>\n","protected":false},"excerpt":{"rendered":"<p>Actividades 6 encuentros en Madrid, Terni, Gante, Tur\u00edn, \u00c9vora y Budapest: incluyen reuniones de coordinaci\u00f3n y seguimiento (econ\u00f3mico, log\u00edstico, pedag\u00f3gico, organizativo evaluaci\u00f3n, inform\u00e1tico y metodol\u00f3gico), y encuentros de intercambio de buenas pr\u00e1cticas. 1.280 laboratorios te\u00f3rico-pr\u00e1cticos (160 por escuela) impartidos en las escuelas en horario lectivo por expertos en identidad europea y di\u00e1logo intercultural (parte te\u00f3rica [&hellip;]<\/p>\n","protected":false},"author":1,"featured_media":0,"parent":0,"menu_order":0,"comment_status":"closed","ping_status":"closed","template":"","meta":{"_et_pb_use_builder":"on","_et_pb_old_content":"<!-- wp:divi\/placeholder \/-->","_et_gb_content_width":"","footnotes":""},"class_list":["post-33","page","type-page","status-publish","hentry"],"_links":{"self":[{"href":"https:\/\/erasmusplus-educarte.eu\/index.php\/wp-json\/wp\/v2\/pages\/33","targetHints":{"allow":["GET"]}}],"collection":[{"href":"https:\/\/erasmusplus-educarte.eu\/index.php\/wp-json\/wp\/v2\/pages"}],"about":[{"href":"https:\/\/erasmusplus-educarte.eu\/index.php\/wp-json\/wp\/v2\/types\/page"}],"author":[{"embeddable":true,"href":"https:\/\/erasmusplus-educarte.eu\/index.php\/wp-json\/wp\/v2\/users\/1"}],"replies":[{"embeddable":true,"href":"https:\/\/erasmusplus-educarte.eu\/index.php\/wp-json\/wp\/v2\/comments?post=33"}],"version-history":[{"count":4,"href":"https:\/\/erasmusplus-educarte.eu\/index.php\/wp-json\/wp\/v2\/pages\/33\/revisions"}],"predecessor-version":[{"id":109,"href":"https:\/\/erasmusplus-educarte.eu\/index.php\/wp-json\/wp\/v2\/pages\/33\/revisions\/109"}],"wp:attachment":[{"href":"https:\/\/erasmusplus-educarte.eu\/index.php\/wp-json\/wp\/v2\/media?parent=33"}],"curies":[{"name":"wp","href":"https:\/\/api.w.org\/{rel}","templated":true}]}}